{"id":235,"date":"2019-12-19T14:42:16","date_gmt":"2019-12-19T19:42:16","guid":{"rendered":"https:\/\/www.centralcreditgroup.com\/ccg1\/?page_id=235"},"modified":"2021-10-07T13:01:13","modified_gmt":"2021-10-07T17:01:13","slug":"faq","status":"publish","type":"page","link":"https:\/\/www.centralcreditgroup.com\/ccg1\/faq\/","title":{"rendered":"Preguntas Frecuentes"},"content":{"rendered":"\n<hr class=\"wp-block-coblocks-dynamic-separator is-style-fullwidth\" style=\"height:50px\"\/>\n\n\n\n<h3>\u00bfQu\u00e9 puede hacer una empresa de reparaci\u00f3n de cr\u00e9dito para ayudar a restaurar mi cr\u00e9dito?<\/h3>\n\n\n\n<p>Nuestro trabajo es hacer valer sus derechos seg\u00fan lo exige la FCRA (The Fair Credit Reporting Act). Esta ley fue establecida en el 1970 y exige que TODA la informaci\u00f3n reportada en nuestros informes de cr\u00e9dito tiene que ser una informaci\u00f3n 100% exacta, verificable y no puede estar obsoleta. La ley establece que si la informaci\u00f3n reportada no cumple con estos requisitos las agencias de cr\u00e9dito tienen un termino de 30 d\u00edas para eliminarla de nuestros informes de cr\u00e9dito.<\/p>\n\n\n\n<hr class=\"wp-block-coblocks-dynamic-separator is-style-fullwidth\" style=\"height:50px\"\/>\n\n\n\n<h3>\u00bfTienen programas de precio fijo?<\/h3>\n\n\n\n<p>Si, nuestra empresa cuenta con precios fijos. Nosotros NO cobramos por cuentas separadas.<\/p>\n\n\n\n<hr class=\"wp-block-coblocks-dynamic-separator is-style-fullwidth\" style=\"height:50px\"\/>\n\n\n\n<h3>\u00bfTiene una garant\u00eda de reembolso?<\/h3>\n\n\n\n<p>S\u00ed, la pagina 6 de nuestro acuerdo de servicios le muestra nuestra garant\u00eda de reembolso.<\/p>\n\n\n\n<hr class=\"wp-block-coblocks-dynamic-separator is-style-fullwidth\" style=\"height:50px\"\/>\n\n\n\n<h3><meta charset=\"utf-8\">\u00bfPuede garantizar que se obtendr\u00e1 una cierta mejora en la puntuaci\u00f3n?<\/h3>\n\n\n\n<p>Por ley, las compa\u00f1\u00edas de reparaci\u00f3n de cr\u00e9dito no podemos garantizar el cambio del puntaje ya que quien toma la decisi\u00f3n  del cambio son las agencias de cr\u00e9dito no nosotros. Lo que s\u00ed le podemos garantizar es que vamos a trabajar fuertemente para que las cuentas negativas de sus informes sean eliminadas legalmente y obviamente el puntaje funciona a base de cuentas positivas vs cuentas negativas. (As\u00ed que usted se imaginar\u00e1 los resultados). <\/p>\n\n\n\n<hr class=\"wp-block-coblocks-dynamic-separator is-style-fullwidth\" style=\"height:50px\"\/>\n\n\n\n<h3>\u00bfCu\u00e1l es su proceso para restaurar mi cr\u00e9dito?<\/h3>\n\n\n\n<p>El proceso para la restauraci\u00f3n de su cr\u00e9dito es el siguiente:<\/p>\n\n\n\n<p><strong>1.&nbsp;Admisi\u00f3n de su caso<\/strong><\/p>\n\n\n\n<p>Una vez usted adquiere nuestros servicios, de usted no tener acceso a sus informes de cr\u00e9dito nosotros los solicitaremos&nbsp;a las agencias&nbsp;nacionales (Experian, Trans Union y Equifax).<\/p>\n\n\n\n<p>Estos informes usted los recibir\u00e1 directamente a su casa en un termino de 15 d\u00edas laborables.<\/p>\n\n\n\n<p>Una vez usted reciba los informes de cr\u00e9dito nos los hace llegar de inmediato a nuestra oficina ya sea llev\u00e1ndolos personalmente, envi\u00e1ndolos por email, fax o correo.<\/p>\n\n\n\n<p><em>De usted tener sus informes nos los puede hacer llegar y de esta forma adelantamos los 15 d\u00edas de espera<\/em>.<\/p>\n\n\n\n<p><strong>2.&nbsp;Tomar Acci\u00f3n<\/strong><\/p>\n\n\n\n<p>Nuestros expertos analizaran su caso y prepararan las correspondencias pertinentes para envi\u00e1rselas directamente a las agencias de cr\u00e9dito, acreedores y colectores con el prop\u00f3sito de levantar el primer proceso de investigaci\u00f3n en su caso para que las cuentas negativas sean eliminadas.<\/p>\n\n\n\n<p>Cada investigaci\u00f3n tiene un termino m\u00e1ximo de 30 d\u00edas laborables, esto quiere decir que a los 30 d\u00edas de ser enviada la primera investigaci\u00f3n usted recibir\u00e1 directamente a su casa los resultados de dicha investigaci\u00f3n y ah\u00ed usted vera las cuentas que fueron removidas, corregidas o las que permanecieron intactas.<\/p>\n\n\n\n<p><strong>3.&nbsp;Enviarnos Correspondencia<\/strong><\/p>\n\n\n\n<p>Ya que nosotros seremos unos intermediarios entre usted y las agencias de cr\u00e9dito, colectores y acreedores. Usted debe hacernos llegar TODOS los documentos que reciba por parte de&nbsp;las agencias de cr\u00e9dito, colectores y acreedores&nbsp;a la mayor brevedad posible ya que sin esos documentos no sabemos&nbsp;que sucede con su caso y nos tardar\u00edamos en levantar el segundo golpe de investigaci\u00f3n.<\/p>\n\n\n\n<p><strong>4.&nbsp;Paciencia y Consistencia<\/strong><\/p>\n\n\n\n<p>La reparaci\u00f3n de cr\u00e9dito es un proceso de paciencia de su parte y consistencia de la nuestra.<\/p>\n\n\n\n<p>El paso 2&nbsp;se vuelve a repetir al igual que el paso 3 y as\u00ed seguiremos mes tras mes hasta que:<\/p>\n\n\n\n<p>a. Alcance&nbsp;el puntaje de cr\u00e9dito&nbsp;deseado<\/p>\n\n\n\n<p>b. Obtenga el pr\u00e9stamo que&nbsp;necesita<\/p>\n\n\n\n<p>c. Se cumpla el termino de nuestro&nbsp;acuerdo de servicios<\/p>\n\n\n\n<hr class=\"wp-block-coblocks-dynamic-separator is-style-fullwidth\" style=\"height:50px\"\/>\n\n\n\n<h3>\u00bfCu\u00e1l es el per\u00edodo de tiempo que puedo esperar para que mi cr\u00e9dito mejore?<\/h3>\n\n\n\n<p>Por lo regular la mayor\u00eda de nuestros clientes comienzan a ver resultados positivos a los 45 d\u00edas de haber adquirido nuestros servicios.<\/p>\n\n\n\n<hr class=\"wp-block-coblocks-dynamic-separator is-style-fullwidth\" style=\"height:50px\"\/>\n\n\n\n<h3>\u00bfC\u00f3mo ser\u00e1 mi participaci\u00f3n en la restauraci\u00f3n de mi cr\u00e9dito?<\/h3>\n\n\n\n<p><strong>Su trabajo \u00fanicamente ser\u00e1: <\/strong><\/p>\n\n\n\n<ol><li>Seguir manteniendo sus cuentas positivas en buen estado.<\/li><li>Bajar sus balances de tarjetas a un 30%<\/li><li>NO solicitar cr\u00e9dito durante el proceso.<\/li><li>Hacernos llegar TODOS los documentos que reciba de las agencias de cr\u00e9dito y colectores.<\/li><\/ol>\n","protected":false},"excerpt":{"rendered":"<p>\u00bfQu\u00e9 puede hacer una empresa de reparaci\u00f3n de cr\u00e9dito para ayudar a restaurar mi cr\u00e9dito? Nuestro trabajo es hacer valer sus derechos seg\u00fan lo exige la FCRA (The Fair Credit Reporting Act). Esta ley fue establecida en el 1970 y exige que TODA la informaci\u00f3n reportada en nuestros informes de cr\u00e9dito tiene que ser una<\/p>\n","protected":false},"author":1,"featured_media":0,"parent":0,"menu_order":0,"comment_status":"closed","ping_status":"closed","template":"","meta":{"_coblocks_attr":"","_coblocks_dimensions":"","_coblocks_responsive_height":"","_coblocks_accordion_ie_support":""},"_links":{"self":[{"href":"https:\/\/www.centralcreditgroup.com\/ccg1\/wp-json\/wp\/v2\/pages\/235"}],"collection":[{"href":"https:\/\/www.centralcreditgroup.com\/ccg1\/wp-json\/wp\/v2\/pages"}],"about":[{"href":"https:\/\/www.centralcreditgroup.com\/ccg1\/wp-json\/wp\/v2\/types\/page"}],"author":[{"embeddable":true,"href":"https:\/\/www.centralcreditgroup.com\/ccg1\/wp-json\/wp\/v2\/users\/1"}],"replies":[{"embeddable":true,"href":"https:\/\/www.centralcreditgroup.com\/ccg1\/wp-json\/wp\/v2\/comments?post=235"}],"version-history":[{"count":7,"href":"https:\/\/www.centralcreditgroup.com\/ccg1\/wp-json\/wp\/v2\/pages\/235\/revisions"}],"predecessor-version":[{"id":8814,"href":"https:\/\/www.centralcreditgroup.com\/ccg1\/wp-json\/wp\/v2\/pages\/235\/revisions\/8814"}],"wp:attachment":[{"href":"https:\/\/www.centralcreditgroup.com\/ccg1\/wp-json\/wp\/v2\/media?parent=235"}],"curies":[{"name":"wp","href":"https:\/\/api.w.org\/{rel}","templated":true}]}}