{"id":9,"date":"2015-12-15T07:37:33","date_gmt":"2015-12-15T07:37:33","guid":{"rendered":"http:\/\/consulting.stylemixthemes.com\/?page_id=9"},"modified":"2019-12-22T22:02:52","modified_gmt":"2019-12-23T03:02:52","slug":"quienes-somos","status":"publish","type":"page","link":"https:\/\/www.centralcreditgroup.com\/ccg1\/quienes-somos\/","title":{"rendered":"Quienes Somos"},"content":{"rendered":"<p>[vc_row css=&#8221;.vc_custom_1451991003825{margin-bottom: 100px !important;}&#8221;][vc_column offset=&#8221;vc_col-lg-9 vc_col-md-9&#8243;]\n\t\t\t<!-- START Spanish About Us Slider REVOLUTION SLIDER 6.5.8 --><p class=\"rs-p-wp-fix\"><\/p>\n\t\t\t<rs-module-wrap id=\"rev_slider_7_1_wrapper\" data-source=\"gallery\" style=\"visibility:hidden;background:transparent;padding:0;margin:0px auto;margin-top:0;margin-bottom:0;max-width:;\">\n\t\t\t\t<rs-module id=\"rev_slider_7_1\" style=\"\" data-version=\"6.5.8\">\n\t\t\t\t\t<rs-slides>\n\t\t\t\t\t\t<rs-slide style=\"position: absolute;\" data-key=\"rs-15\" data-title=\"Slide\" data-anim=\"r:0;\" data-in=\"x:(100%);\" class=\"third_bg_color\">\n\t\t\t\t\t\t\t<img src=\"\/\/www.centralcreditgroup.com\/ccg1\/wp-content\/plugins\/revslider\/public\/assets\/assets\/dummy.png\" alt=\"Slide\" title=\"Quienes Somos\" class=\"rev-slidebg tp-rs-img rs-lazyload\" data-lazyload=\"\/\/www.centralcreditgroup.com\/ccg1\/wp-content\/plugins\/revslider\/public\/assets\/assets\/transparent.png\" data-no-retina>\n<!--\n\t\t\t\t\t\t\t--><rs-layer\n\t\t\t\t\t\t\t\tid=\"slider-7-slide-15-layer-2\" \n\t\t\t\t\t\t\t\tdata-type=\"text\"\n\t\t\t\t\t\t\t\tdata-color=\"rgba(255,255,255,1)\"\n\t\t\t\t\t\t\t\tdata-rsp_ch=\"on\"\n\t\t\t\t\t\t\t\tdata-xy=\"x:67px;y:80px;\"\n\t\t\t\t\t\t\t\tdata-text=\"l:22;\"\n\t\t\t\t\t\t\t\tdata-frame_0=\"tp:600;\"\n\t\t\t\t\t\t\t\tdata-frame_1=\"tp:600;e:power2.inOut;st:499.21875;\"\n\t\t\t\t\t\t\t\tdata-frame_999=\"o:0;tp:600;e:nothing;st:8999.21875;\"\n\t\t\t\t\t\t\t\tstyle=\"z-index:5;font-family:'Roboto';\"\n\t\t\t\t\t\t\t><div class=\"consulting-rev-title-3\">\n\u00a114+<br\/>\na\u00f1os de experiencia!\n<\/div> \n\t\t\t\t\t\t\t<\/rs-layer><!--\n\n\t\t\t\t\t\t\t--><rs-layer\n\t\t\t\t\t\t\t\tid=\"slider-7-slide-15-layer-3\" \n\t\t\t\t\t\t\t\tdata-type=\"text\"\n\t\t\t\t\t\t\t\tdata-color=\"rgba(255,255,255,1)\"\n\t\t\t\t\t\t\t\tdata-rsp_ch=\"on\"\n\t\t\t\t\t\t\t\tdata-xy=\"x:67px;y:194px;\"\n\t\t\t\t\t\t\t\tdata-text=\"w:normal;s:20;l:22;\"\n\t\t\t\t\t\t\t\tdata-dim=\"w:1398px;\"\n\t\t\t\t\t\t\t\tdata-frame_0=\"tp:600;\"\n\t\t\t\t\t\t\t\tdata-frame_1=\"tp:600;e:power2.inOut;st:499.21875;\"\n\t\t\t\t\t\t\t\tdata-frame_999=\"o:0;tp:600;e:nothing;st:8999.21875;\"\n\t\t\t\t\t\t\t\tstyle=\"z-index:6;font-family:'Roboto';\"\n\t\t\t\t\t\t\t><div class=\"consulting-rev-text-2\">\nSomos una compa\u00f1\u00eda la cual le brinda <br\/> servicios de reparaci\u00f3n de cr\u00e9dito de una forma<br\/>honesta, confiable y sobre todo con un servicio GARANTIZADO.\n<\/div> \n\t\t\t\t\t\t\t<\/rs-layer><!--\n\n\t\t\t\t\t\t\t--><rs-layer\n\t\t\t\t\t\t\t\tid=\"slider-7-slide-15-layer-4\" \n\t\t\t\t\t\t\t\tdata-type=\"text\"\n\t\t\t\t\t\t\t\tdata-color=\"rgba(255,255,255,1)\"\n\t\t\t\t\t\t\t\tdata-rsp_ch=\"on\"\n\t\t\t\t\t\t\t\tdata-xy=\"x:67px;y:272px;\"\n\t\t\t\t\t\t\t\tdata-text=\"l:22;\"\n\t\t\t\t\t\t\t\tdata-frame_0=\"tp:600;\"\n\t\t\t\t\t\t\t\tdata-frame_1=\"tp:600;e:power2.inOut;st:499.21875;\"\n\t\t\t\t\t\t\t\tdata-frame_999=\"o:0;tp:600;e:nothing;st:8999.21875;\"\n\t\t\t\t\t\t\t\tstyle=\"z-index:7;font-family:'Roboto';\"\n\t\t\t\t\t\t\t><a href=\"\/ccg1\/consulta-gratis\/\" class=\"button icon_right bordered theme_style_2\">Obtenga una Consulta Gratis<i class=\"fa fa-chevron-right\"><\/i><\/a> \n\t\t\t\t\t\t\t<\/rs-layer><!--\n\n\t\t\t\t\t\t\t--><rs-layer\n\t\t\t\t\t\t\t\tid=\"slider-7-slide-15-layer-5\" \n\t\t\t\t\t\t\t\tdata-type=\"image\"\n\t\t\t\t\t\t\t\tdata-rsp_ch=\"on\"\n\t\t\t\t\t\t\t\tdata-xy=\"x:r;y:74px;\"\n\t\t\t\t\t\t\t\tdata-text=\"l:22;\"\n\t\t\t\t\t\t\t\tdata-dim=\"w:383px;h:303px;\"\n\t\t\t\t\t\t\t\tdata-frame_0=\"tp:600;\"\n\t\t\t\t\t\t\t\tdata-frame_1=\"tp:600;e:power2.inOut;st:500;\"\n\t\t\t\t\t\t\t\tdata-frame_999=\"o:0;tp:600;e:nothing;st:w;\"\n\t\t\t\t\t\t\t\tstyle=\"z-index:8;\"\n\t\t\t\t\t\t\t><img src=\"\/\/www.centralcreditgroup.com\/ccg1\/wp-content\/plugins\/revslider\/public\/assets\/assets\/dummy.png\" class=\"tp-rs-img rs-lazyload\" data-lazyload=\"\/\/centralcreditgroup.com\/ccg\/wp-content\/uploads\/2016\/09\/macbook.png\" data-no-retina> \n\t\t\t\t\t\t\t<\/rs-layer><!--\n-->\t\t\t\t\t\t<\/rs-slide>\n\t\t\t\t\t\t<rs-slide style=\"position: absolute;\" data-key=\"rs-16\" data-title=\"Slide\" data-anim=\"r:0;\" data-in=\"x:(100%);\">\n\t\t\t\t\t\t\t<img src=\"\/\/www.centralcreditgroup.com\/ccg1\/wp-content\/plugins\/revslider\/public\/assets\/assets\/dummy.png\" alt=\"Slide\" title=\"Quienes Somos\" class=\"rev-slidebg tp-rs-img rs-lazyload\" data-lazyload=\"\/\/www.centralcreditgroup.com\/ccg1\/wp-content\/plugins\/revslider\/public\/assets\/assets\/transparent.png\" data-bg=\"c:#f9f9f9;\" data-no-retina>\n<!--\n\t\t\t\t\t\t\t--><rs-layer\n\t\t\t\t\t\t\t\tid=\"slider-7-slide-16-layer-2\" \n\t\t\t\t\t\t\t\tdata-type=\"text\"\n\t\t\t\t\t\t\t\tdata-color=\"rgba(34,34,34,1)\"\n\t\t\t\t\t\t\t\tdata-rsp_ch=\"on\"\n\t\t\t\t\t\t\t\tdata-xy=\"x:67px;y:80px;\"\n\t\t\t\t\t\t\t\tdata-text=\"l:22;\"\n\t\t\t\t\t\t\t\tdata-frame_0=\"tp:600;\"\n\t\t\t\t\t\t\t\tdata-frame_1=\"tp:600;e:power2.inOut;st:499.21875;\"\n\t\t\t\t\t\t\t\tdata-frame_999=\"o:0;tp:600;e:nothing;st:8999.21875;\"\n\t\t\t\t\t\t\t\tstyle=\"z-index:5;font-family:'Roboto';\"\n\t\t\t\t\t\t\t><div class=\"consulting-rev-title-3\">\n\u00a1Conozca nuestras<br\/>\nmentes brillantes!\n<\/div> \n\t\t\t\t\t\t\t<\/rs-layer><!--\n\n\t\t\t\t\t\t\t--><rs-layer\n\t\t\t\t\t\t\t\tid=\"slider-7-slide-16-layer-3\" \n\t\t\t\t\t\t\t\tdata-type=\"text\"\n\t\t\t\t\t\t\t\tdata-color=\"rgba(34,34,34,1)\"\n\t\t\t\t\t\t\t\tdata-rsp_ch=\"on\"\n\t\t\t\t\t\t\t\tdata-xy=\"x:69px;y:188px;\"\n\t\t\t\t\t\t\t\tdata-text=\"l:22;\"\n\t\t\t\t\t\t\t\tdata-frame_0=\"tp:600;\"\n\t\t\t\t\t\t\t\tdata-frame_1=\"tp:600;e:power2.inOut;st:499.21875;\"\n\t\t\t\t\t\t\t\tdata-frame_999=\"o:0;tp:600;e:nothing;st:8999.21875;\"\n\t\t\t\t\t\t\t\tstyle=\"z-index:6;font-family:'Roboto';\"\n\t\t\t\t\t\t\t><div class=\"consulting-rev-text-2\">\nNuestro equipo a borrado miles de miles<br\/>de cuentas negativas de los reportes de cr\u00e9dito de <br\/>nuestros clientes.\n<\/div> \n\t\t\t\t\t\t\t<\/rs-layer><!--\n\n\t\t\t\t\t\t\t--><rs-layer\n\t\t\t\t\t\t\t\tid=\"slider-7-slide-16-layer-4\" \n\t\t\t\t\t\t\t\tdata-type=\"text\"\n\t\t\t\t\t\t\t\tdata-color=\"rgba(255,255,255,1)\"\n\t\t\t\t\t\t\t\tdata-rsp_ch=\"on\"\n\t\t\t\t\t\t\t\tdata-xy=\"x:67px;y:272px;\"\n\t\t\t\t\t\t\t\tdata-text=\"l:22;\"\n\t\t\t\t\t\t\t\tdata-frame_0=\"tp:600;\"\n\t\t\t\t\t\t\t\tdata-frame_1=\"tp:600;e:power2.inOut;st:499.21875;\"\n\t\t\t\t\t\t\t\tdata-frame_999=\"o:0;tp:600;e:nothing;st:8899.21875;\"\n\t\t\t\t\t\t\t\tstyle=\"z-index:7;font-family:'Roboto';\"\n\t\t\t\t\t\t\t><a href=\"\/ccg1\/contactenos\/\" class=\"button icon_right bordered theme_style_2\">cont\u00e1ctenos<i class=\"fa fa-chevron-right\"><\/i><\/a> \n\t\t\t\t\t\t\t<\/rs-layer><!--\n\n\t\t\t\t\t\t\t--><rs-layer\n\t\t\t\t\t\t\t\tid=\"slider-7-slide-16-layer-6\" \n\t\t\t\t\t\t\t\tdata-type=\"image\"\n\t\t\t\t\t\t\t\tdata-rsp_ch=\"on\"\n\t\t\t\t\t\t\t\tdata-xy=\"x:r;xo:-16px;y:52px;\"\n\t\t\t\t\t\t\t\tdata-text=\"l:22;\"\n\t\t\t\t\t\t\t\tdata-dim=\"w:359;h:307;\"\n\t\t\t\t\t\t\t\tdata-frame_0=\"tp:600;\"\n\t\t\t\t\t\t\t\tdata-frame_1=\"tp:600;e:power2.inOut;st:500;\"\n\t\t\t\t\t\t\t\tdata-frame_999=\"o:0;tp:600;e:nothing;st:w;\"\n\t\t\t\t\t\t\t\tstyle=\"z-index:8;\"\n\t\t\t\t\t\t\t><img src=\"\/\/www.centralcreditgroup.com\/ccg1\/wp-content\/plugins\/revslider\/public\/assets\/assets\/dummy.png\" class=\"tp-rs-img rs-lazyload\" data-lazyload=\"\/\/centralcreditgroup.com\/ccg\/wp-content\/uploads\/2016\/09\/dreamstimeextrasmall_19898855.jpg\" data-no-retina> \n\t\t\t\t\t\t\t<\/rs-layer><!--\n-->\t\t\t\t\t\t<\/rs-slide>\n\t\t\t\t\t<\/rs-slides>\n\t\t\t\t<\/rs-module>\n\t\t\t\t<script type=\"text\/javascript\">\n\t\t\t\t\tsetREVStartSize({c: 'rev_slider_7_1',rl:[1240,1024,778,480],el:[407],gw:[825],gh:[407],type:'carousel',justify:'',layout:'fullwidth',mh:\"0\"});if (window.RS_MODULES!==undefined && window.RS_MODULES.modules!==undefined && window.RS_MODULES.modules[\"revslider71\"]!==undefined) {window.RS_MODULES.modules[\"revslider71\"].once = false;window.revapi7 = undefined;if (window.RS_MODULES.checkMinimal!==undefined) window.RS_MODULES.checkMinimal()}\n\t\t\t\t<\/script>\n\t\t\t<\/rs-module-wrap>\n\t\t\t<!-- END REVOLUTION SLIDER -->\n[vc_column_text css=&#8221;.vc_custom_1577031087968{margin-top: 40px !important;}&#8221;]<\/p>\n<h2>Central Credit Group Inc.<\/h2>\n<p>Central Credit Group Inc., es un l\u00edder internacional en el campo de la restauraci\u00f3n de cr\u00e9dito, con un amplio abanico de servicios l\u00edderes de mercado destinados a la ayuda financiera de consumidores hispanos. Dichos servicios incluyen pero no se limitan a la orientaci\u00f3n y servicios sobre maneras simples de mejorar su cr\u00e9dito sin pr\u00e9stamos adicionales, consejer\u00eda de presupuesto, reembolso de deudas, negociaci\u00f3n de deudas, consejer\u00eda sobre como obtener pr\u00e9stamos ya sea para consolidaci\u00f3n de deudas u alg\u00fan otro uso.<\/p>\n<p>La compa\u00f1\u00eda fue creada en el a\u00f1o 2006, en Kissimmee, Florida, en el segundo piso de la casa del Sr. F\u00e9lix J. Rivera presidente y fundador de Central Credit Group Inc. Rivera , que para ese entonces sufr\u00eda de problemas crediticios, estudi\u00f3 las posibilidades de c\u00f3mo restaurar su propio informe de cr\u00e9dito.<\/p>\n<p>Al ver los resultados positivos en sus informes, decidi\u00f3 ofrecer sus servicios a otros consumidores hispanos que al igual que el ten\u00edan la misma necesidad.<\/p>\n<p>Nuestras\u00a0\u00a0instalaciones y oficinas para el p\u00fablico en general se ubican en el 1912\u00a0W. Oak\u00a0St. \u00a0en la ciudad de Kissimmee Florida.<\/p>\n<p>Central Credit Group Inc., cuenta a su vez, con su propia oficina de disputas, dotada de personal altamente cualificado, as\u00ed como de innovadores y actuales sistemas inform\u00e1ticos para el c\u00e1lculo de todo tipo de deudas que sirven as\u00ed mismo de soporte en el proceso de investigaci\u00f3n para lograr con ello los resultados exigidos por sus clientes. Y de la misma forma cumple con los requisitos de los Estatutos de la Florida.[\/vc_column_text][vc_column_text css=&#8221;.vc_custom_1577031120001{margin-bottom: 34px !important;}&#8221;]<\/p>\n<blockquote><p>Central Credit Group\u00a0continua creciendo d\u00eda d\u00eda gracias a la confianza que nuestros clientes\u00a0han puesto en nosotros. Cubrimos diferentes industrias tales como: cr\u00e9dito y finanzas,\u00a0impuestos, notar<em>\u00ed<\/em>a p\u00fablica, formaci\u00f3n e imagen comercial.<\/p><\/blockquote>\n<p>[\/vc_column_text][vc_row_inner][vc_column_inner width=&#8221;1\/2&#8243;][vc_custom_heading text=&#8221;Nuestra Misi\u00f3n&#8221; font_container=&#8221;tag:h4|text_align:left|color:%23222222&#8243; use_theme_fonts=&#8221;yes&#8221; css=&#8221;.vc_custom_1577031157581{margin-bottom: 15px !important;}&#8221; el_class=&#8221;no_stripe&#8221;][vc_column_text]Nuestro garantizado m\u00e9todo de reparaci\u00f3n de cr\u00e9dito le ayudara a:<\/p>\n<ul>\n<li>Eliminar las cuentas negativas de sus informes de cr\u00e9dito<\/li>\n<li>Subir su\u00a0\u00a0puntuaci\u00f3n de cr\u00e9dito en 45 d\u00edas<\/li>\n<li>Tomar control de sus finanzas<\/li>\n<li>Entender los factores claves para mantener su puntuaci\u00f3n alta<\/li>\n<li>Obtener el pr\u00e9stamo que tanto necesita<\/li>\n<li>Alcanzar la libertad financiera que tanto usted merece<\/li>\n<\/ul>\n<p>[\/vc_column_text][\/vc_column_inner][vc_column_inner width=&#8221;1\/2&#8243;][vc_custom_heading text=&#8221;\u00bfQue hacemos?&#8221; font_container=&#8221;tag:h4|text_align:left|color:%23222222&#8243; use_theme_fonts=&#8221;yes&#8221; css=&#8221;.vc_custom_1577031251223{margin-bottom: 28px !important;}&#8221; el_class=&#8221;no_stripe&#8221;][vc_raw_html]JTNDaWZyYW1lJTIwd2lkdGglM0QlMjI1NjAlMjIlMjBoZWlnaHQlM0QlMjIzMTUlMjIlMjBzcmMlM0QlMjJodHRwcyUzQSUyRiUyRnd3dy55b3V0dWJlLmNvbSUyRmVtYmVkJTJGd1lIQV9xU3RjcUUlM0ZyZWwlM0QwJTI2Y29udHJvbHMlM0QwJTI2c2hvd2luZm8lM0QwJTIyJTIwZnJhbWVib3JkZXIlM0QlMjIwJTIyJTIwYWxsb3dmdWxsc2NyZWVuJTNFJTNDJTJGaWZyYW1lJTNF[\/vc_raw_html][\/vc_column_inner][\/vc_row_inner][\/vc_column][vc_column width=&#8221;1\/4&#8243; offset=&#8221;vc_hidden-sm vc_hidden-xs&#8221;][stm_sidebar sidebar=&#8221;311&#8243;][\/vc_column][\/vc_row][vc_row full_width=&#8221;stretch_row&#8221; el_class=&#8221;third_bg_color&#8221; css=&#8221;.vc_custom_1451889219674{margin-bottom: -60px !important;}&#8221;][vc_column][vc_cta h2=&#8221;\u00bfEst\u00e1 en busca de una compa\u00f1\u00eda confiable para restablecer su cr\u00e9dito?&#8221; h2_font_container=&#8221;font_size:20px|color:%23002e5b|line_height:24px&#8221; h2_use_theme_fonts=&#8221;yes&#8221; shape=&#8221;square&#8221; style=&#8221;flat&#8221; add_button=&#8221;right&#8221; btn_title=&#8221;obtenga una consulta Gratis&#8221; btn_style=&#8221;flat&#8221; btn_color=&#8221;theme_style_2&#8243; btn_size=&#8221;lg&#8221; btn_align=&#8221;right&#8221; btn_i_align=&#8221;right&#8221; btn_i_icon_fontawesome=&#8221;stm-glob-consulting&#8221; use_custom_fonts_h2=&#8221;true&#8221; btn_button_block=&#8221;true&#8221; btn_add_icon=&#8221;true&#8221; el_class=&#8221;third_bg_color&#8221; css=&#8221;.vc_custom_1577055415357{margin-bottom: 0px !important;}&#8221; btn_link=&#8221;url:https%3A%2F%2Fwww.centralcreditgroup.com%2Fccg1%2Fconsulta-gratis%2F|title:Consulta%20Gratis||&#8221;][\/vc_cta][\/vc_column][\/vc_row]<\/p>\n","protected":false},"excerpt":{"rendered":"<p>[vc_row css=&#8221;.vc_custom_1451991003825{margin-bottom: 100px !important;}&#8221;][vc_column offset=&#8221;vc_col-lg-9 vc_col-md-9&#8243;][vc_column_text css=&#8221;.vc_custom_1577031087968{margin-top: 40px !important;}&#8221;] Central Credit Group Inc. Central Credit Group Inc., es un l\u00edder internacional en el campo de la restauraci\u00f3n de cr\u00e9dito, con un amplio abanico de servicios l\u00edderes de mercado destinados a la ayuda financiera de consumidores hispanos. Dichos servicios incluyen pero no se limitan a la<\/p>\n","protected":false},"author":1,"featured_media":0,"parent":0,"menu_order":0,"comment_status":"closed","ping_status":"closed","template":"","meta":{"_coblocks_attr":"","_coblocks_dimensions":"","_coblocks_responsive_height":"","_coblocks_accordion_ie_support":""},"_links":{"self":[{"href":"https:\/\/www.centralcreditgroup.com\/ccg1\/wp-json\/wp\/v2\/pages\/9"}],"collection":[{"href":"https:\/\/www.centralcreditgroup.com\/ccg1\/wp-json\/wp\/v2\/pages"}],"about":[{"href":"https:\/\/www.centralcreditgroup.com\/ccg1\/wp-json\/wp\/v2\/types\/page"}],"author":[{"embeddable":true,"href":"https:\/\/www.centralcreditgroup.com\/ccg1\/wp-json\/wp\/v2\/users\/1"}],"replies":[{"embeddable":true,"href":"https:\/\/www.centralcreditgroup.com\/ccg1\/wp-json\/wp\/v2\/comments?post=9"}],"version-history":[{"count":8,"href":"https:\/\/www.centralcreditgroup.com\/ccg1\/wp-json\/wp\/v2\/pages\/9\/revisions"}],"predecessor-version":[{"id":4152,"href":"https:\/\/www.centralcreditgroup.com\/ccg1\/wp-json\/wp\/v2\/pages\/9\/revisions\/4152"}],"wp:attachment":[{"href":"https:\/\/www.centralcreditgroup.com\/ccg1\/wp-json\/wp\/v2\/media?parent=9"}],"curies":[{"name":"wp","href":"https:\/\/api.w.org\/{rel}","templated":true}]}}