{"id":979,"date":"2016-02-19T06:35:00","date_gmt":"2016-02-19T06:35:00","guid":{"rendered":"http:\/\/consulting.stylemixthemes.com\/?page_id=979"},"modified":"2022-05-18T23:19:20","modified_gmt":"2022-05-19T03:19:20","slug":"inicio","status":"publish","type":"page","link":"https:\/\/www.centralcreditgroup.com\/ccg1\/","title":{"rendered":"Inicio"},"content":{"rendered":"<p>[vc_row][vc_column][vc_raw_html]JTNDZGl2JTIwaWQlM0QlMjJmYi1yb290JTIyJTNFJTNDJTJGZGl2JTNFJTBBJTNDc2NyaXB0JTNFJTI4ZnVuY3Rpb24lMjhkJTJDJTIwcyUyQyUyMGlkJTI5JTIwJTdCJTBBJTIwJTIwdmFyJTIwanMlMkMlMjBmanMlMjAlM0QlMjBkLmdldEVsZW1lbnRzQnlUYWdOYW1lJTI4cyUyOSU1QjAlNUQlM0IlMEElMjAlMjBpZiUyMCUyOGQuZ2V0RWxlbWVudEJ5SWQlMjhpZCUyOSUyOSUyMHJldHVybiUzQiUwQSUyMCUyMGpzJTIwJTNEJTIwZC5jcmVhdGVFbGVtZW50JTI4cyUyOSUzQiUyMGpzLmlkJTIwJTNEJTIwaWQlM0IlMEElMjAlMjBqcy5zcmMlMjAlM0QlMjAlMjIlMkYlMkZjb25uZWN0LmZhY2Vib29rLm5ldCUyRmVuX1VTJTJGc2RrLmpzJTIzeGZibWwlM0QxJTI2dmVyc2lvbiUzRHYyLjEwJTIyJTNCJTBBJTIwJTIwZmpzLnBhcmVudE5vZGUuaW5zZXJ0QmVmb3JlJTI4anMlMkMlMjBmanMlMjklM0IlMEElN0QlMjhkb2N1bWVudCUyQyUyMCUyN3NjcmlwdCUyNyUyQyUyMCUyN2ZhY2Vib29rLWpzc2RrJTI3JTI5JTI5JTNCJTNDJTJGc2NyaXB0JTNF[\/vc_raw_html][\/vc_column][\/vc_row][vc_row css=&#8221;.vc_custom_1450677977665{margin-bottom: 0px !important;}&#8221;][vc_column][rev_slider_vc alias=&#8221;fullscreen-main-slider&#8221;][\/vc_column][\/vc_row][vc_row full_width=&#8221;stretch_row&#8221; el_class=&#8221;third_bg_color&#8221; css=&#8221;.vc_custom_1450692516354{margin-bottom: 60px !important;}&#8221;][vc_column][vc_cta h2=&#8221;\u00bfQuieres comenzar a restablecer tu cr\u00e9dito hoy?&#8221; h2_font_container=&#8221;tag:h2|font_size:20px|text_align:left|color:%23000000|line_height:24px&#8221; h2_use_theme_fonts=&#8221;yes&#8221; shape=&#8221;square&#8221; style=&#8221;flat&#8221; add_button=&#8221;right&#8221; btn_title=&#8221;Suscr\u00edbete ahora&#8221; btn_style=&#8221;flat&#8221; btn_color=&#8221;theme_style_2&#8243; btn_align=&#8221;right&#8221; btn_i_align=&#8221;right&#8221; btn_i_icon_fontawesome=&#8221;stm-glob-consulting&#8221; use_custom_fonts_h2=&#8221;true&#8221; btn_button_block=&#8221;true&#8221; btn_add_icon=&#8221;true&#8221; el_class=&#8221;third_bg_color&#8221; css=&#8221;.vc_custom_1652105491199{margin-bottom: 0px !important;}&#8221; btn_link=&#8221;url:https%3A%2F%2Fcentralcreditgroup.subscription.page%2F|title:Suscr%C3%ADbete&#8221;][\/vc_cta][\/vc_column][\/vc_row][vc_row full_width=&#8221;stretch_row&#8221; css=&#8221;.vc_custom_1652929942014{margin-bottom: 0px !important;padding-top: 96px !important;padding-bottom: 80px !important;background-color: #0b294f !important;}&#8221;][vc_column width=&#8221;1\/3&#8243;][vc_custom_heading text=&#8221;\u00a1Solicite una consulta gratis!&#8221; font_container=&#8221;tag:div|font_size:36px|text_align:left|color:%23ffffff|line_height:38px&#8221; google_fonts=&#8221;font_family:Poppins%3A300%2Cregular%2C500%2C600%2C700|font_style:700%20bold%3A700%3Anormal&#8221; css=&#8221;.vc_custom_1576869243096{margin-bottom: 19px !important;}&#8221;][vc_column_text]<span style=\"color: #ffffff; font-size: 13px; line-height: 22px;\">Le gustar\u00eda hablar por tel\u00e9fono con uno de nuestros expertos en cr\u00e9dito? Solo env\u00edenos sus detalles y le estaremos contactando a la mayor brevedad posible. Tambi\u00e9n nos puede enviar un correo electr\u00f3nico si as\u00ed lo prefiere. \u00a0<\/span>[\/vc_column_text][\/vc_column][vc_column width=&#8221;2\/3&#8243;]<div role=\"form\" class=\"wpcf7\" id=\"wpcf7-f4145-o1\" lang=\"en-US\" dir=\"ltr\">\n<div class=\"screen-reader-response\"><p role=\"status\" aria-live=\"polite\" aria-atomic=\"true\"><\/p> <ul><\/ul><\/div>\n<form action=\"\/ccg1\/wp-json\/wp\/v2\/pages\/979#wpcf7-f4145-o1\" method=\"post\" class=\"wpcf7-form init\" novalidate=\"novalidate\" data-status=\"init\">\n<div style=\"display: none;\">\n<input type=\"hidden\" name=\"_wpcf7\" value=\"4145\" \/>\n<input type=\"hidden\" name=\"_wpcf7_version\" value=\"5.5.1\" \/>\n<input type=\"hidden\" name=\"_wpcf7_locale\" value=\"en_US\" \/>\n<input type=\"hidden\" name=\"_wpcf7_unit_tag\" value=\"wpcf7-f4145-o1\" \/>\n<input type=\"hidden\" name=\"_wpcf7_container_post\" value=\"0\" \/>\n<input type=\"hidden\" name=\"_wpcf7_posted_data_hash\" value=\"\" \/>\n<input type=\"hidden\" name=\"_wpcf7_recaptcha_response\" value=\"\" \/>\n<\/div>\n<div class=\"request_callback\">\n<div class=\"row\">\n<div class=\"col-lg-4 col-md-4 col-sm-4 col-xs-12\">\n<div class=\"input-group\">\n                <span class=\"wpcf7-form-control-wrap text-name\"><input type=\"text\" name=\"text-name\" value=\"\" size=\"40\" class=\"wpcf7-form-control wpcf7-text wpcf7-validates-as-required\" aria-required=\"true\" aria-invalid=\"false\" placeholder=\"Nombre *\" \/><\/span>\n            <\/div>\n<\/div>\n<div class=\"col-lg-4 col-md-4 col-sm-4 col-xs-12\">\n<div class=\"input-group\">\n                <span class=\"wpcf7-form-control-wrap text-lastname\"><input type=\"text\" name=\"text-lastname\" value=\"\" size=\"40\" class=\"wpcf7-form-control wpcf7-text wpcf7-validates-as-required\" aria-required=\"true\" aria-invalid=\"false\" placeholder=\"Apellido *\" \/><\/span>\n            <\/div>\n<\/div>\n<div class=\"col-lg-4 col-md-4 col-sm-4 col-xs-12\">\n<div class=\"input-group\">\n                <span class=\"wpcf7-form-control-wrap email\"><input type=\"email\" name=\"email\" value=\"\" size=\"40\" class=\"wpcf7-form-control wpcf7-text wpcf7-email wpcf7-validates-as-required wpcf7-validates-as-email\" aria-required=\"true\" aria-invalid=\"false\" placeholder=\"E-mail *\" \/><\/span>\n            <\/div>\n<\/div>\n<div class=\"col-lg-4 col-md-4 col-sm-4 col-xs-12\">\n<div class=\"input-group\">\n                <span class=\"wpcf7-form-control-wrap tel-830\"><input type=\"tel\" name=\"tel-830\" value=\"\" size=\"40\" class=\"wpcf7-form-control wpcf7-text wpcf7-tel wpcf7-validates-as-required wpcf7-validates-as-tel\" aria-required=\"true\" aria-invalid=\"false\" placeholder=\"Tel\u00e9fono *\" \/><\/span>\n            <\/div>\n<\/div>\n<div class=\"col-lg-6 col-md-6 col-sm-6 col-xs-12\">\n<div class=\"input-group\">\n                <span class=\"wpcf7-form-control-wrap your-state\"><select name=\"your-state\" class=\"wpcf7-form-control wpcf7-select wpcf7-validates-as-required\" aria-required=\"true\" aria-invalid=\"false\"><option value=\"\">---<\/option><option value=\"Alabama\">Alabama<\/option><option value=\"Arizona\">Arizona<\/option><option value=\"Arkansas\">Arkansas<\/option><option value=\"California\">California<\/option><option value=\"Colorado\">Colorado<\/option><option value=\"Connecticut\">Connecticut<\/option><option value=\"Delaware\">Delaware<\/option><option value=\"Florida\">Florida<\/option><option value=\"Georgia\">Georgia<\/option><option value=\"Hawaii\">Hawaii<\/option><option value=\"Idaho\">Idaho<\/option><option value=\"Illinois\">Illinois<\/option><option value=\"Indiana\">Indiana<\/option><option value=\"Iowa\">Iowa<\/option><option value=\"Kansas\">Kansas<\/option><option value=\"Kentucky\">Kentucky<\/option><option value=\"Louisiana\">Louisiana<\/option><option value=\"Maine\">Maine<\/option><option value=\"Maryland\">Maryland<\/option><option value=\"Massachusetts\">Massachusetts<\/option><option value=\"Michigan\">Michigan<\/option><option value=\"Minnesota\">Minnesota<\/option><option value=\"Mississippi\">Mississippi<\/option><option value=\"Missouri\">Missouri<\/option><option value=\"Montana\">Montana<\/option><option value=\"Nebraska\">Nebraska<\/option><option value=\"Nevada\">Nevada<\/option><option value=\"New Hampshire\">New Hampshire<\/option><option value=\"New Jersey\">New Jersey<\/option><option value=\"New Mexico\">New Mexico<\/option><option value=\"New York\">New York<\/option><option value=\"North Carolina\">North Carolina<\/option><option value=\"North Dakota\">North Dakota<\/option><option value=\"Ohio\">Ohio<\/option><option value=\"Oklahoma\">Oklahoma<\/option><option value=\"Oregon\">Oregon<\/option><option value=\"Pennsylvania\">Pennsylvania<\/option><option value=\"Puerto Rico\">Puerto Rico<\/option><option value=\"Rhode Island\">Rhode Island<\/option><option value=\"South Carolina\">South Carolina<\/option><option value=\"South Dakota\">South Dakota<\/option><option value=\"Tennessee\">Tennessee<\/option><option value=\"Texas\">Texas<\/option><option value=\"Utah\">Utah<\/option><option value=\"Vermont\">Vermont<\/option><option value=\"Virginia\">Virginia<\/option><option value=\"Washington\">Washington<\/option><option value=\"West Virginia\">West Virginia<\/option><option value=\"Wisconsin\">Wisconsin<\/option><option value=\"Wyoming\">Wyoming<\/option><\/select><\/span>\n         <\/div>\n<\/div>\n<div class=\"col-lg-12 col-md-12 col-sm-12 col-xs-12\">\n<div class=\"input-group\">\n<span class=\"wpcf7-form-control-wrap recaptcha\"><span data-sitekey=\"6LelPMoUAAAAAHodyH3pqJmqfvVTmt7Y81aymT7n\" class=\"wpcf7-form-control g-recaptcha wpcf7-recaptcha\"><\/span>\r\n<noscript>\r\n\t<div class=\"grecaptcha-noscript\">\r\n\t\t<iframe src=\"https:\/\/www.google.com\/recaptcha\/api\/fallback?k=6LelPMoUAAAAAHodyH3pqJmqfvVTmt7Y81aymT7n\" frameborder=\"0\" scrolling=\"no\" width=\"310\" height=\"430\">\r\n\t\t<\/iframe>\r\n\t\t<textarea name=\"g-recaptcha-response\" rows=\"3\" cols=\"40\" placeholder=\"reCaptcha Response Here\">\r\n\t\t<\/textarea>\r\n\t<\/div>\r\n<\/noscript>\r\n<\/span>\n<\/div>\n<\/div>\n<div class=\"col-lg-12 col-md-12 col-sm-12 col-xs-12\">\n<div class=\"input-group\">\n                <button type=\"submit\" class=\"button size-lg icon_right\">Si..Quiero una Consulta Gratis <i class=\"fa fa-chevron-right\"><\/i><\/button>\n            <\/div>\n<\/div>\n<\/div>\n<\/div>\n<div class=\"wpcf7-response-output\" aria-hidden=\"true\"><\/div><\/form><\/div>[\/vc_column][\/vc_row][vc_row disable_element=&#8221;yes&#8221; css=&#8221;.vc_custom_1652930354127{margin-bottom: 0px !important;}&#8221;][vc_column][vc_raw_html]JTNDaWZyYW1lJTIwY2xhc3MlM0R3ZWJmb3JtLWZyYW1lJTIwbmFtZSUzRGZyYW1lX3dlYmZvcm0lMjBpZCUzRGZyYW1lX3dlYmZvcm0lMjBzcmMlM0QlMjJodHRwcyUzQSUyRiUyRnd3dy5zZWN1cmVjbGllbnRhY2Nlc3MuY29tJTJGd2VibGVhZCUyRnBvc3RjcmMlMkZOR1kwTkRVeE16STBaalEwTmpNek1qUmtOVFExT1RNMCUyRlRHeGxibVVnWlhOMFlTQm1iM0p0WVNCd1lYSmhJSFZ1WVNCamIyNXpkV3gwWVNCSGNtRjBhWE0lM0QlMkZlcyUyMiUyMGhlaWdodCUzRCUyMjcyMCUyMiUyMCUyMHdpZHRoJTNEJTIyNDQwJTIyJTIwc3R5bGUlM0QlMjJiYWNrZ3JvdW5kJTNBd2hpdGUlMjIlMjAlMjBmcmFtZWJvcmRlciUzRDAlM0UlM0MlMkZpZnJhbWUlM0U=[\/vc_raw_html][\/vc_column][\/vc_row][vc_row][vc_column][vc_empty_space][\/vc_column][\/vc_row][vc_row css=&#8221;.vc_custom_1450856873482{margin-bottom: 37px !important;}&#8221;][vc_column width=&#8221;1\/3&#8243;][stm_animation_block animation=&#8221;fadeInUp&#8221; animation_duration=&#8221;1&#8243; animation_delay=&#8221;0&#8243;][stm_info_box title=&#8221;Arregle su pasado&#8221; image=&#8221;4058&#8243; link=&#8221;url:https%3A%2F%2Fwww.centralcreditgroup.com%2Fccg1%2Fcontactenos%2F|title:read%20more||&#8221;]Trabajamos con las agencias de cr\u00e9dito, acreedores y colectores para desafiar legalmente los elementos negativos de su cr\u00e9dito.[\/stm_info_box][\/stm_animation_block][\/vc_column][vc_column width=&#8221;1\/3&#8243;][stm_animation_block animation=&#8221;fadeInUp&#8221; animation_duration=&#8221;1&#8243; animation_delay=&#8221;0.05&#8243;][stm_info_box title=&#8221;Construya su futuro&#8221; image=&#8221;4040&#8243; link=&#8221;url:https%3A%2F%2Fwww.centralcreditgroup.com%2Fccg1%2Fcontactenos%2F|title:read%20more||&#8221;]Nuestros representantes le orientar\u00e1n sobre los puntos de acci\u00f3n que debe tomar con el fin de mantener una buena puntuaci\u00f3n de cr\u00e9dito.[\/stm_info_box][\/stm_animation_block][\/vc_column][vc_column width=&#8221;1\/3&#8243;][stm_animation_block animation=&#8221;fadeInUp&#8221; animation_duration=&#8221;1&#8243; animation_delay=&#8221;0.1&#8243;][stm_info_box title=&#8221;Disfrute los beneficios del tener un buen cr\u00e9dito.&#8221; image=&#8221;4041&#8243; link=&#8221;url:https%3A%2F%2Fwww.centralcreditgroup.com%2Fccg1%2Fcontactenos%2F|title:read%20more||&#8221;]Obtenga la casa que tanto se merece, el auto de sus sue\u00f1os, tarjetas de cr\u00e9dito o el pr\u00e9stamo que tanto necesita.[\/stm_info_box][\/stm_animation_block][\/vc_column][\/vc_row][vc_row full_width=&#8221;stretch_row&#8221; disable_element=&#8221;yes&#8221; css=&#8221;.vc_custom_1652930205002{padding-top: 53px !important;padding-bottom: 70px !important;background-color: #f2f2f2 !important;}&#8221;][vc_column][vc_custom_heading text=&#8221;industrias&#8221; font_container=&#8221;tag:h2|font_size:45px|text_align:center|line_height:60px&#8221; use_theme_fonts=&#8221;yes&#8221; el_class=&#8221;base_font_color&#8221; css=&#8221;.vc_custom_1576868025854{margin-bottom: 76px !important;}&#8221;][vc_row_inner css=&#8221;.vc_custom_1450870589488{margin-bottom: 48px !important;}&#8221;][vc_column_inner width=&#8221;1\/3&#8243;][stm_icon_box icon=&#8221;stm-state&#8221; style=&#8221;icon_left&#8221; icon_size=&#8221;15&#8243; icon_width=&#8221;70&#8243; title=&#8221;Reparaci\u00f3n de Cr\u00e9dito&#8221;]<a href=\"https:\/\/www.centralcreditgroup.com\/ccg1\/quienes-somos\/\">Central Credit Group Inc<\/a>., es un l\u00edder internacional en el campo de la restauraci\u00f3n de cr\u00e9dito, con un \u00a0 amplio abanico de servicios l\u00edderes \u00a0 de mercado destinados a la ayuda \u00a0 \u00a0 financiera de consumidores hispanos.[\/stm_icon_box][\/vc_column_inner][vc_column_inner width=&#8221;1\/3&#8243;][stm_icon_box icon=&#8221;stm-stm14_public&#8221; style=&#8221;icon_left&#8221; icon_size=&#8221;22&#8243; icon_width=&#8221;70&#8243; title=&#8221;Asesor\u00eda Financiera&#8221;]Como asesores financieros te ayudamos \u00a0a descubrir tus necesidades financieras y de protecci\u00f3n, analizando tu pasado, presente y futuro.\u00a0Nuestro objetivo es asistirte en el manejo de tus finanzas para que puedas\u00a0sacarle el mejor beneficio a tu dinero.[\/stm_icon_box][\/vc_column_inner][vc_column_inner width=&#8221;1\/3&#8243;][stm_icon_box icon=&#8221;stm-stn14_home&#8221; style=&#8221;icon_left&#8221; icon_size=&#8221;22&#8243; icon_width=&#8221;70&#8243; title=&#8221;Asesor\u00eda y Formaci\u00f3n de Negocios&#8221;]Le ayudamos a emprender su negocio; desde crear la corporaci\u00f3n, hasta hacer un buen plan de trabajo.[\/stm_icon_box][\/vc_column_inner][\/vc_row_inner][vc_row_inner][vc_column_inner width=&#8221;1\/3&#8243;][stm_icon_box icon=&#8221;fas fa-money-bill-alt&#8221; style=&#8221;icon_left&#8221; icon_size=&#8221;24&#8243; icon_width=&#8221;70&#8243; title=&#8221;Preparaci\u00f3n de Impuestos (Taxes)<br \/>\nPersonales y Comerciales&#8221;]<a href=\"http:\/\/www.centraltaxservices.com\">Central Tax Services inc<\/a>. nuestra commpa\u00f1\u00eda hermana le brinda los servicios de la preparaci\u00f3n de sus impuestos personales y comerciales de una manera r\u00e1pida, correcta y con su mayor reembolso Garantizado.[\/stm_icon_box][\/vc_column_inner][vc_column_inner width=&#8221;1\/3&#8243;][stm_icon_box icon=&#8221;fas fa-balance-scale&#8221; style=&#8221;icon_left&#8221; icon_size=&#8221;28&#8243; icon_width=&#8221;70&#8243; title=&#8221;Notary Public&#8221;]Como Notary Public estamos autorizados a:<\/p>\n<p>1. Administrar juramentos o afirmaciones.<br \/>\n2. Tomar reconocimientos.<br \/>\n3. Dar fe de fotocopias de algunos documentos.<br \/>\n4. Solemnizar matrimonios.<br \/>\n5. Verificar los n\u00fameros de identificaci\u00f3n de un veh\u00edculo (VIN).<br \/>\n6. Certificar el contenido de cajas de seguridad.[\/stm_icon_box][\/vc_column_inner][vc_column_inner width=&#8221;1\/3&#8243;][stm_icon_box icon=&#8221;fas fa-globe-americas&#8221; style=&#8221;icon_left&#8221; icon_size=&#8221;20&#8243; icon_width=&#8221;70&#8243; title=&#8221;Asesor\u00eda de Online Marketing,<br \/>\nWeb Design &amp; Social Media&#8221;]Le asesoramos sobre como hacer crecer la imagen y presencia de su negocio en las redes sociales. Adem\u00e1s evaluamos, creamos y dise\u00f1amos su imagen corporativa.[\/stm_icon_box][\/vc_column_inner][\/vc_row_inner][\/vc_column][\/vc_row][vc_row full_width=&#8221;stretch_row&#8221; el_class=&#8221;overlay fixed_bg&#8221; css=&#8221;.vc_custom_1453961868724{margin-bottom: 53px !important;padding-top: 110px !important;padding-bottom: 81px !important;background-image: url(http:\/\/consulting.stylemixthemes.com\/demo\/wp-content\/uploads\/sites\/2\/2015\/12\/Fotolia_95381323_Subscription-1.jpg?id=786) !important;background-position: center !important;background-repeat: no-repeat !important;background-size: cover !important;}&#8221;][vc_column][vc_row_inner][vc_column_inner][vc_custom_heading icon=&#8221;stm-check&#8221; icon_size=&#8221;67&#8243; text=&#8221;<mark>haciendo lo correcto,<\/mark><br \/>\nen el momento correcto.&#8221; font_container=&#8221;tag:h4|font_size:45px|text_align:left|color:%23ffffff|line_height:45px&#8221; google_fonts=&#8221;font_family:Poppins%3A300%2Cregular%2C500%2C600%2C700|font_style:700%20bold%3A700%3Anormal&#8221; custom_icon=&#8221;stm-check&#8221; css=&#8221;.vc_custom_1576868435346{margin-bottom: 61px !important;}&#8221; el_class=&#8221;no_stripe&#8221;][\/vc_column_inner][\/vc_row_inner][vc_row_inner][vc_column_inner width=&#8221;1\/6&#8243; offset=&#8221;vc_col-lg-offset-1&#8243;][stm_stats_counter counter_value=&#8221;10200&#8243; title=&#8221;Casos Completados&#8221;][\/vc_column_inner][vc_column_inner width=&#8221;1\/6&#8243;][stm_stats_counter counter_value=&#8221;7&#8243; title=&#8221;Consultores&#8221;][\/vc_column_inner][vc_column_inner width=&#8221;1\/6&#8243;][stm_stats_counter counter_value=&#8221;15&#8243; title=&#8221;Premios (Awards)&#8221;][\/vc_column_inner][vc_column_inner width=&#8221;1\/6&#8243;][stm_stats_counter counter_value=&#8221;100&#8243; counter_value_suf=&#8221;%&#8221; title=&#8221;Clientes Satisfechos&#8221;][\/vc_column_inner][\/vc_row_inner][\/vc_column][\/vc_row][vc_row css=&#8221;.vc_custom_1450960276268{margin-bottom: 73px !important;}&#8221;][vc_column][vc_custom_heading text=&#8221;testimonios&#8221; font_container=&#8221;tag:h2|font_size:45px|text_align:center|line_height:60px&#8221; use_theme_fonts=&#8221;yes&#8221; el_class=&#8221;base_font_color&#8221; css=&#8221;.vc_custom_1576868521980{margin-bottom: 76px !important;}&#8221;][stm_testimonials_carousel count=&#8221;6&#8243; per_row=&#8221;2&#8243;][\/vc_column][\/vc_row][vc_row full_width=&#8221;stretch_row&#8221; el_class=&#8221;overlay_2 fixed_bg&#8221; css=&#8221;.vc_custom_1453381142995{margin-bottom: 42px !important;padding-top: 66px !important;padding-bottom: 66px !important;background-image: url(http:\/\/consulting.stylemixthemes.com\/demo\/wp-content\/uploads\/sites\/2\/2015\/12\/partners_bg-1.jpg?id=122) !important;background-position: center !important;background-repeat: no-repeat !important;background-size: cover !important;}&#8221;][vc_column][vc_custom_heading text=&#8221;Ayudando a la comunidad hispana<br \/>\n<mark>a alcanzar sus metas financieras.<\/mark>&#8221; font_container=&#8221;tag:div|font_size:28px|text_align:center|color:%23ffffff|line_height:34px&#8221; google_fonts=&#8221;font_family:Poppins%3A300%2Cregular%2C500%2C600%2C700|font_style:700%20bold%3A700%3Anormal&#8221;][\/vc_column][\/vc_row][vc_row css=&#8221;.vc_custom_1451479401686{margin-bottom: 31px !important;}&#8221;][vc_column][vc_custom_heading text=&#8221;blog&#8221; font_container=&#8221;tag:h2|font_size:45px|text_align:center&#8221; use_theme_fonts=&#8221;yes&#8221;][\/vc_column][\/vc_row][vc_row css=&#8221;.vc_custom_1451043728133{margin-bottom: 32px !important;}&#8221;][vc_column][stm_news posts_per_row=&#8221;4&#8243;][\/vc_column][\/vc_row][vc_row full_width=&#8221;stretch_row_content_no_spaces&#8221; css=&#8221;.vc_custom_1453109987955{margin-bottom: -60px !important;padding-top: 0px !important;padding-bottom: 0px !important;}&#8221;][vc_column][stm_gmap map_height=&#8221;447px&#8221; map_zoom=&#8221;11&#8243; disable_mouse_whell=&#8221;disable&#8221;][stm_gmap_address title=&#8221;Kissimmee&#8221; address=&#8221;1912 W. Oak St. Kissimmee FL 34741&#8243; phone=&#8221;407-483-9399&#8243; email=&#8221;info@centralcreditgroup.com&#8221; lat=&#8221;28.300838&#8243; lng=&#8221;-81.423307&#8243;][\/stm_gmap][\/vc_column][\/vc_row]<\/p>\n","protected":false},"excerpt":{"rendered":"<p>[vc_row][vc_column][vc_raw_html]JTNDZGl2JTIwaWQlM0QlMjJmYi1yb290JTIyJTNFJTNDJTJGZGl2JTNFJTBBJTNDc2NyaXB0JTNFJTI4ZnVuY3Rpb24lMjhkJTJDJTIwcyUyQyUyMGlkJTI5JTIwJTdCJTBBJTIwJTIwdmFyJTIwanMlMkMlMjBmanMlMjAlM0QlMjBkLmdldEVsZW1lbnRzQnlUYWdOYW1lJTI4cyUyOSU1QjAlNUQlM0IlMEElMjAlMjBpZiUyMCUyOGQuZ2V0RWxlbWVudEJ5SWQlMjhpZCUyOSUyOSUyMHJldHVybiUzQiUwQSUyMCUyMGpzJTIwJTNEJTIwZC5jcmVhdGVFbGVtZW50JTI4cyUyOSUzQiUyMGpzLmlkJTIwJTNEJTIwaWQlM0IlMEElMjAlMjBqcy5zcmMlMjAlM0QlMjAlMjIlMkYlMkZjb25uZWN0LmZhY2Vib29rLm5ldCUyRmVuX1VTJTJGc2RrLmpzJTIzeGZibWwlM0QxJTI2dmVyc2lvbiUzRHYyLjEwJTIyJTNCJTBBJTIwJTIwZmpzLnBhcmVudE5vZGUuaW5zZXJ0QmVmb3JlJTI4anMlMkMlMjBmanMlMjklM0IlMEElN0QlMjhkb2N1bWVudCUyQyUyMCUyN3NjcmlwdCUyNyUyQyUyMCUyN2ZhY2Vib29rLWpzc2RrJTI3JTI5JTI5JTNCJTNDJTJGc2NyaXB0JTNF[\/vc_raw_html][\/vc_column][\/vc_row][vc_row css=&#8221;.vc_custom_1450677977665{margin-bottom: 0px !important;}&#8221;][vc_column][rev_slider_vc alias=&#8221;fullscreen-main-slider&#8221;][\/vc_column][\/vc_row][vc_row full_width=&#8221;stretch_row&#8221; el_class=&#8221;third_bg_color&#8221; css=&#8221;.vc_custom_1450692516354{margin-bottom: 60px !important;}&#8221;][vc_column][vc_cta h2=&#8221;\u00bfQuieres comenzar a restablecer tu cr\u00e9dito hoy?&#8221; h2_font_container=&#8221;tag:h2|font_size:20px|text_align:left|color:%23000000|line_height:24px&#8221; h2_use_theme_fonts=&#8221;yes&#8221; shape=&#8221;square&#8221; style=&#8221;flat&#8221; add_button=&#8221;right&#8221; btn_title=&#8221;Suscr\u00edbete ahora&#8221; btn_style=&#8221;flat&#8221; btn_color=&#8221;theme_style_2&#8243; btn_align=&#8221;right&#8221; btn_i_align=&#8221;right&#8221; btn_i_icon_fontawesome=&#8221;stm-glob-consulting&#8221; use_custom_fonts_h2=&#8221;true&#8221; btn_button_block=&#8221;true&#8221; btn_add_icon=&#8221;true&#8221; el_class=&#8221;third_bg_color&#8221; css=&#8221;.vc_custom_1652105491199{margin-bottom: 0px !important;}&#8221; btn_link=&#8221;url:https%3A%2F%2Fcentralcreditgroup.subscription.page%2F|title:Suscr%C3%ADbete&#8221;][\/vc_cta][\/vc_column][\/vc_row][vc_row full_width=&#8221;stretch_row&#8221; css=&#8221;.vc_custom_1652929942014{margin-bottom: 0px !important;padding-top: 96px !important;padding-bottom: 80px !important;background-color: #0b294f !important;}&#8221;][vc_column width=&#8221;1\/3&#8243;][vc_custom_heading text=&#8221;\u00a1Solicite una consulta gratis!&#8221; font_container=&#8221;tag:div|font_size:36px|text_align:left|color:%23ffffff|line_height:38px&#8221; google_fonts=&#8221;font_family:Poppins%3A300%2Cregular%2C500%2C600%2C700|font_style:700%20bold%3A700%3Anormal&#8221; css=&#8221;.vc_custom_1576869243096{margin-bottom:<\/p>\n","protected":false},"author":1,"featured_media":0,"parent":0,"menu_order":0,"comment_status":"closed","ping_status":"closed","template":"","meta":{"_coblocks_attr":"","_coblocks_dimensions":"","_coblocks_responsive_height":"","_coblocks_accordion_ie_support":""},"_links":{"self":[{"href":"https:\/\/www.centralcreditgroup.com\/ccg1\/wp-json\/wp\/v2\/pages\/979"}],"collection":[{"href":"https:\/\/www.centralcreditgroup.com\/ccg1\/wp-json\/wp\/v2\/pages"}],"about":[{"href":"https:\/\/www.centralcreditgroup.com\/ccg1\/wp-json\/wp\/v2\/types\/page"}],"author":[{"embeddable":true,"href":"https:\/\/www.centralcreditgroup.com\/ccg1\/wp-json\/wp\/v2\/users\/1"}],"replies":[{"embeddable":true,"href":"https:\/\/www.centralcreditgroup.com\/ccg1\/wp-json\/wp\/v2\/comments?post=979"}],"version-history":[{"count":59,"href":"https:\/\/www.centralcreditgroup.com\/ccg1\/wp-json\/wp\/v2\/pages\/979\/revisions"}],"predecessor-version":[{"id":8952,"href":"https:\/\/www.centralcreditgroup.com\/ccg1\/wp-json\/wp\/v2\/pages\/979\/revisions\/8952"}],"wp:attachment":[{"href":"https:\/\/www.centralcreditgroup.com\/ccg1\/wp-json\/wp\/v2\/media?parent=979"}],"curies":[{"name":"wp","href":"https:\/\/api.w.org\/{rel}","templated":true}]}}